{"id":2455,"date":"2023-08-16T06:59:24","date_gmt":"2023-08-16T06:59:24","guid":{"rendered":"https:\/\/web-barrado.azurewebsites.net\/note-legale\/"},"modified":"2023-09-28T09:37:51","modified_gmt":"2023-09-28T09:37:51","slug":"note-legale","status":"publish","type":"page","link":"https:\/\/www.barradopeluches.com\/fr\/note-legale\/","title":{"rendered":"Note L\u00e9gale"},"content":{"rendered":"<div class=\"fusion-fullwidth fullwidth-box fusion-builder-row-1 fusion-flex-container has-pattern-background has-mask-background nonhundred-percent-fullwidth non-hundred-percent-height-scrolling\" style=\"--awb-border-radius-top-left:0px;--awb-border-radius-top-right:0px;--awb-border-radius-bottom-right:0px;--awb-border-radius-bottom-left:0px;--awb-margin-top:5%;--awb-margin-bottom:5%;--awb-flex-wrap:wrap;\" ><div class=\"fusion-builder-row fusion-row fusion-flex-align-items-flex-start fusion-flex-content-wrap\" style=\"max-width:1248px;margin-left: calc(-4% \/ 2 );margin-right: calc(-4% \/ 2 );\"><div class=\"fusion-layout-column fusion_builder_column fusion-builder-column-0 fusion_builder_column_1_1 1_1 fusion-flex-column\" style=\"--awb-bg-size:cover;--awb-width-large:100%;--awb-margin-top-large:0px;--awb-spacing-right-large:1.92%;--awb-margin-bottom-large:0px;--awb-spacing-left-large:1.92%;--awb-width-medium:100%;--awb-spacing-right-medium:1.92%;--awb-spacing-left-medium:1.92%;--awb-width-small:100%;--awb-spacing-right-small:1.92%;--awb-spacing-left-small:1.92%;\"><div class=\"fusion-column-wrapper fusion-flex-justify-content-flex-start fusion-content-layout-column\"><div class=\"fusion-title title fusion-title-1 fusion-sep-none fusion-title-text fusion-title-size-one\" style=\"--awb-margin-top-small:10px;--awb-margin-right-small:0px;--awb-margin-bottom-small:10px;--awb-margin-left-small:0px;\"><h1 class=\"fusion-title-heading title-heading-left awb-responsive-type__disable\" style=\"margin:0;\">Note L\u00e9gale<\/h1><\/div><div class=\"fusion-text fusion-text-1\"><p>Informations concernant le respect de l&rsquo;article 10 de la LSSICE<\/p>\n<h3>Propri\u00e9taire<\/h3>\n<ul>\n<li>Propri\u00e9taire: BARRADO IMPORT-EXPORT S.L..<\/li>\n<li>CIF: B-63776686<\/li>\n<li>Adresse: C\/ E n\u00ba 10 POL. IND. MOLI DELS FRARES Sant Vicen\u00e7 dels Horts, 08620 \u2014 Barcelona, Espa\u00f1a<\/li>\n<li>Email: consultas@barradopeluches.com<\/li>\n<\/ul>\n<h3>Confidentialit\u00e9<\/h3>\n<p>Les donn\u00e9es personnelles collect\u00e9es par l&rsquo;interm\u00e9diaire du site Web, sont utilis\u00e9es exclusivement dans le but de fournir les services demand\u00e9s, ainsi que proc\u00e9der \u00e0 la facturation de ceux-ci. Vos donn\u00e9es seront plac\u00e9es dans des fichiers d\u00e9tenus par BARRADO IMPORT-EXPORT S.L. pour la facturation et seront archiv\u00e9es dans les d\u00e9lais impartis par la loi. Vous pouvez exercer les droits d&rsquo;acc\u00e8s, de rectification, d\u2019annulation et d\u2019opposition en \u00e9crivant \u00e0 BARRADO IMPORT-EXPORT S.L.. C\/ E n\u00ba 10 POL. IND. MOLI DELS FRARES Sant Vicen\u00e7 dels Horts, 08620 \u2014 Barcelona, Espa\u00f1a. (Espagne).<\/p>\n<h3>Propri\u00e9t\u00e9 et responsabilit\u00e9 pour le contenu<\/h3>\n<p>Toute utilisation de tout le contenu du site, en particulier le code de texte, la conception et la source, est d\u00e9fendue sans l&rsquo;autorisation expresse des propri\u00e9taires. Toute utilisation non autoris\u00e9e sera poursuivie par les propri\u00e9taires l\u00e9gitimes.<\/p>\n<p>Les propri\u00e9taires du site ne sont pas responsables du contenu qu&rsquo;ils portent sur les liens qui y sont, comme pr\u00e9vu \u00e0 l&rsquo;article 17 de la LSSICE.<\/p>\n<\/div><\/div><\/div><\/div><\/div>\n","protected":false},"excerpt":{"rendered":"","protected":false},"author":1,"featured_media":0,"parent":0,"menu_order":0,"comment_status":"closed","ping_status":"closed","template":"100-width.php","meta":{"footnotes":""},"class_list":["post-2455","page","type-page","status-publish","hentry"],"yoast_head":"<!-- This site is optimized with the Yoast SEO plugin v27.5 - https:\/\/yoast.com\/product\/yoast-seo-wordpress\/ -->\n<title>Note L\u00e9gale - Barrado<\/title>\n<meta name=\"robots\" content=\"index, follow, max-snippet:-1, max-image-preview:large, max-video-preview:-1\" \/>\n<link rel=\"canonical\" href=\"https:\/\/www.barradopeluches.com\/fr\/note-legale\/\" \/>\n<meta property=\"og:locale\" content=\"fr_FR\" \/>\n<meta property=\"og:type\" content=\"article\" \/>\n<meta property=\"og:title\" content=\"Note L\u00e9gale - Barrado\" \/>\n<meta property=\"og:url\" content=\"https:\/\/www.barradopeluches.com\/fr\/note-legale\/\" \/>\n<meta property=\"og:site_name\" content=\"Barrado\" \/>\n<meta property=\"article:modified_time\" content=\"2023-09-28T09:37:51+00:00\" \/>\n<meta name=\"twitter:card\" content=\"summary_large_image\" \/>\n<meta name=\"twitter:label1\" content=\"Dur\u00e9e de lecture estim\u00e9e\" \/>\n\t<meta name=\"twitter:data1\" content=\"5 minutes\" \/>\n<script type=\"application\/ld+json\" class=\"yoast-schema-graph\">{\"@context\":\"https:\\\/\\\/schema.org\",\"@graph\":[{\"@type\":\"WebPage\",\"@id\":\"https:\\\/\\\/www.barradopeluches.com\\\/fr\\\/note-legale\\\/\",\"url\":\"https:\\\/\\\/www.barradopeluches.com\\\/fr\\\/note-legale\\\/\",\"name\":\"Note L\u00e9gale - Barrado\",\"isPartOf\":{\"@id\":\"https:\\\/\\\/www.barradopeluches.com\\\/#website\"},\"datePublished\":\"2023-08-16T06:59:24+00:00\",\"dateModified\":\"2023-09-28T09:37:51+00:00\",\"breadcrumb\":{\"@id\":\"https:\\\/\\\/www.barradopeluches.com\\\/fr\\\/note-legale\\\/#breadcrumb\"},\"inLanguage\":\"fr-FR\",\"potentialAction\":[{\"@type\":\"ReadAction\",\"target\":[\"https:\\\/\\\/www.barradopeluches.com\\\/fr\\\/note-legale\\\/\"]}]},{\"@type\":\"BreadcrumbList\",\"@id\":\"https:\\\/\\\/www.barradopeluches.com\\\/fr\\\/note-legale\\\/#breadcrumb\",\"itemListElement\":[{\"@type\":\"ListItem\",\"position\":1,\"name\":\"Portada\",\"item\":\"https:\\\/\\\/www.barradopeluches.com\\\/fr\\\/\"},{\"@type\":\"ListItem\",\"position\":2,\"name\":\"Note L\u00e9gale\"}]},{\"@type\":\"WebSite\",\"@id\":\"https:\\\/\\\/www.barradopeluches.com\\\/#website\",\"url\":\"https:\\\/\\\/www.barradopeluches.com\\\/\",\"name\":\"Barrado\",\"description\":\"\",\"potentialAction\":[{\"@type\":\"SearchAction\",\"target\":{\"@type\":\"EntryPoint\",\"urlTemplate\":\"https:\\\/\\\/www.barradopeluches.com\\\/?s={search_term_string}\"},\"query-input\":{\"@type\":\"PropertyValueSpecification\",\"valueRequired\":true,\"valueName\":\"search_term_string\"}}],\"inLanguage\":\"fr-FR\"}]}<\/script>\n<!-- \/ Yoast SEO plugin. -->","yoast_head_json":{"title":"Note L\u00e9gale - Barrado","robots":{"index":"index","follow":"follow","max-snippet":"max-snippet:-1","max-image-preview":"max-image-preview:large","max-video-preview":"max-video-preview:-1"},"canonical":"https:\/\/www.barradopeluches.com\/fr\/note-legale\/","og_locale":"fr_FR","og_type":"article","og_title":"Note L\u00e9gale - Barrado","og_url":"https:\/\/www.barradopeluches.com\/fr\/note-legale\/","og_site_name":"Barrado","article_modified_time":"2023-09-28T09:37:51+00:00","twitter_card":"summary_large_image","twitter_misc":{"Dur\u00e9e de lecture estim\u00e9e":"5 minutes"},"schema":{"@context":"https:\/\/schema.org","@graph":[{"@type":"WebPage","@id":"https:\/\/www.barradopeluches.com\/fr\/note-legale\/","url":"https:\/\/www.barradopeluches.com\/fr\/note-legale\/","name":"Note L\u00e9gale - Barrado","isPartOf":{"@id":"https:\/\/www.barradopeluches.com\/#website"},"datePublished":"2023-08-16T06:59:24+00:00","dateModified":"2023-09-28T09:37:51+00:00","breadcrumb":{"@id":"https:\/\/www.barradopeluches.com\/fr\/note-legale\/#breadcrumb"},"inLanguage":"fr-FR","potentialAction":[{"@type":"ReadAction","target":["https:\/\/www.barradopeluches.com\/fr\/note-legale\/"]}]},{"@type":"BreadcrumbList","@id":"https:\/\/www.barradopeluches.com\/fr\/note-legale\/#breadcrumb","itemListElement":[{"@type":"ListItem","position":1,"name":"Portada","item":"https:\/\/www.barradopeluches.com\/fr\/"},{"@type":"ListItem","position":2,"name":"Note L\u00e9gale"}]},{"@type":"WebSite","@id":"https:\/\/www.barradopeluches.com\/#website","url":"https:\/\/www.barradopeluches.com\/","name":"Barrado","description":"","potentialAction":[{"@type":"SearchAction","target":{"@type":"EntryPoint","urlTemplate":"https:\/\/www.barradopeluches.com\/?s={search_term_string}"},"query-input":{"@type":"PropertyValueSpecification","valueRequired":true,"valueName":"search_term_string"}}],"inLanguage":"fr-FR"}]}},"_links":{"self":[{"href":"https:\/\/www.barradopeluches.com\/fr\/wp-json\/wp\/v2\/pages\/2455","targetHints":{"allow":["GET"]}}],"collection":[{"href":"https:\/\/www.barradopeluches.com\/fr\/wp-json\/wp\/v2\/pages"}],"about":[{"href":"https:\/\/www.barradopeluches.com\/fr\/wp-json\/wp\/v2\/types\/page"}],"author":[{"embeddable":true,"href":"https:\/\/www.barradopeluches.com\/fr\/wp-json\/wp\/v2\/users\/1"}],"replies":[{"embeddable":true,"href":"https:\/\/www.barradopeluches.com\/fr\/wp-json\/wp\/v2\/comments?post=2455"}],"version-history":[{"count":1,"href":"https:\/\/www.barradopeluches.com\/fr\/wp-json\/wp\/v2\/pages\/2455\/revisions"}],"predecessor-version":[{"id":2667,"href":"https:\/\/www.barradopeluches.com\/fr\/wp-json\/wp\/v2\/pages\/2455\/revisions\/2667"}],"wp:attachment":[{"href":"https:\/\/www.barradopeluches.com\/fr\/wp-json\/wp\/v2\/media?parent=2455"}],"curies":[{"name":"wp","href":"https:\/\/api.w.org\/{rel}","templated":true}]}}