{"id":2443,"date":"2023-08-14T12:07:55","date_gmt":"2023-08-14T12:07:55","guid":{"rendered":"https:\/\/web-barrado.azurewebsites.net\/conditions-dutilisation\/"},"modified":"2023-09-26T13:13:35","modified_gmt":"2023-09-26T13:13:35","slug":"conditions-dutilisation","status":"publish","type":"page","link":"https:\/\/www.barradopeluches.com\/fr\/conditions-dutilisation\/","title":{"rendered":"Conditions d&rsquo;utilisation"},"content":{"rendered":"<div class=\"fusion-fullwidth fullwidth-box fusion-builder-row-1 fusion-flex-container has-pattern-background has-mask-background nonhundred-percent-fullwidth non-hundred-percent-height-scrolling\" style=\"--awb-border-radius-top-left:0px;--awb-border-radius-top-right:0px;--awb-border-radius-bottom-right:0px;--awb-border-radius-bottom-left:0px;--awb-margin-top:5%;--awb-margin-bottom:5%;--awb-flex-wrap:wrap;\" ><div class=\"fusion-builder-row fusion-row fusion-flex-align-items-flex-start fusion-flex-content-wrap\" style=\"max-width:1248px;margin-left: calc(-4% \/ 2 );margin-right: calc(-4% \/ 2 );\"><div class=\"fusion-layout-column fusion_builder_column fusion-builder-column-0 fusion_builder_column_1_1 1_1 fusion-flex-column\" style=\"--awb-bg-size:cover;--awb-width-large:100%;--awb-margin-top-large:0px;--awb-spacing-right-large:1.92%;--awb-margin-bottom-large:0px;--awb-spacing-left-large:1.92%;--awb-width-medium:100%;--awb-spacing-right-medium:1.92%;--awb-spacing-left-medium:1.92%;--awb-width-small:100%;--awb-spacing-right-small:1.92%;--awb-spacing-left-small:1.92%;\"><div class=\"fusion-column-wrapper fusion-flex-justify-content-flex-start fusion-content-layout-column\"><div class=\"fusion-title title fusion-title-1 fusion-sep-none fusion-title-text fusion-title-size-one\" style=\"--awb-margin-top-small:10px;--awb-margin-right-small:0px;--awb-margin-bottom-small:10px;--awb-margin-left-small:0px;\"><h1 class=\"fusion-title-heading title-heading-left awb-responsive-type__disable\" style=\"margin:0;\">Conditions d&rsquo;utilisation<\/h1><\/div><div class=\"fusion-text fusion-text-1\"><\/div><div class=\"fusion-text fusion-text-2\"><p>Acc\u00e8s au site Web: l&rsquo;acc\u00e8s au site Web est gratuit, \u00e0 l&rsquo;exception des frais de connexion via le r\u00e9seau de t\u00e9l\u00e9communications fourni par le fournisseur d&rsquo;acc\u00e8s contract\u00e9 par l&rsquo;utilisateur.<\/p>\n<p>Besoin d&rsquo;inscription: En g\u00e9n\u00e9ral, pour acc\u00e9der au contenu du site Web, l&rsquo;inscription de l&rsquo;utilisateur ne sera pas n\u00e9cessaire. Cependant, l&rsquo;utilisation de certains services et contenus peut \u00eatre conditionn\u00e9e \u00e0 l&rsquo;enregistrement de l&rsquo;utilisateur pr\u00e9c\u00e9dent. Le cas \u00e9ch\u00e9ant, les donn\u00e9es saisies par l&rsquo;Utilisateur doivent \u00eatre exactes, \u00e0 jour et v\u00e9ridiques.  <\/p>\n<p>R\u00e8gles d&rsquo;utilisation du Site: L&rsquo;Utilisateur s&rsquo;engage \u00e0 utiliser le Site et l&rsquo;ensemble de ses contenus et services conform\u00e9ment aux dispositions de la loi, de la morale, de l&rsquo;ordre public et des pr\u00e9sentes Conditions G\u00e9n\u00e9rales. De m\u00eame, il est obligatoire de faire un bon usage des services et \/ ou contenus du Site et de ne pas les utiliser pour mener des activit\u00e9s ill\u00e9gales ou constitutives qui violent les droits de tiers et \/ ou qui enfreignent la r\u00e9glementation sur la propri\u00e9t\u00e9 intellectuelle et industrielle, ou toute autre r\u00e8gle du syst\u00e8me juridique applicable. L&rsquo;Utilisateur s&rsquo;engage \u00e0 ne pas transmettre, introduire, diffuser et mettre \u00e0 la disposition de tiers, tout type de mat\u00e9riel et d&rsquo;informations (donn\u00e9es, contenu, messages, dessins, fichiers son et image, photographies, logiciels, etc.) contraires \u00e0 la loi, la morale, l&rsquo;ordre public et les pr\u00e9sentes conditions g\u00e9n\u00e9rales. A titre d&rsquo;exemple, et en aucun cas limitant ou excluant, l&rsquo;Utilisateur s&rsquo;engage \u00e0:  <\/p>\n<p>Ne pas introduire ou diffuser de contenu ou de propagande \u00e0 caract\u00e8re raciste, x\u00e9nophobe, pornographique, d&rsquo;excuses du terrorisme ou qui menacent les droits de l&rsquo;homme.<\/p>\n<p>N&rsquo;introduisez ni ne diffusez sur le r\u00e9seau des programmes de donn\u00e9es (virus et logiciels nuisibles) qui pourraient endommager les syst\u00e8mes informatiques du fournisseur d&rsquo;acc\u00e8s, de ses fournisseurs ou des utilisateurs tiers du r\u00e9seau Internet.<\/p>\n<p>Ne pas diffuser, transmettre ou mettre \u00e0 la disposition de tiers tout type d&rsquo;information, \u00e9l\u00e9ment ou contenu portant atteinte aux droits fondamentaux et aux libert\u00e9s publiques reconnus par la Constitution et les trait\u00e9s internationaux.<\/p>\n<p>Ne pas diffuser, transmettre ou mettre \u00e0 la disposition de tiers tout type d&rsquo;information, d&rsquo;\u00e9l\u00e9ment ou de contenu constituant une publicit\u00e9 ill\u00e9gale ou d\u00e9loyale.<\/p>\n<p>Ne transmettez pas de publicit\u00e9 non sollicit\u00e9e ou autoris\u00e9e, de mat\u00e9riel publicitaire, de \u00abcourrier ind\u00e9sirable\u00bb, de \u00abcha\u00eenes de lettres\u00bb, de \u00abstructures pyramidales\u00bb ou de toute autre forme de sollicitation, sauf dans les domaines (tels que les espaces commerciaux) qui ont \u00e9t\u00e9 exclusivement con\u00e7us pour \u00e7a.<\/p>\n<p>Ne pas introduire ou diffuser des informations et contenus faux, ambigus ou inexacts de mani\u00e8re \u00e0 induire en erreur les destinataires des informations<\/p>\n<p>Ne pas usurper l&rsquo;identit\u00e9 d&rsquo;autres utilisateurs en utilisant leurs cl\u00e9s d&rsquo;enregistrement pour les diff\u00e9rents services et \/ ou contenus du site Web.<\/p>\n<p>Ne pas diffuser, transmettre ou mettre \u00e0 la disposition de tiers tout type d&rsquo;information, d&rsquo;\u00e9l\u00e9ment ou de contenu qui implique une violation des droits de propri\u00e9t\u00e9 intellectuelle et industrielle, des brevets, des marques ou des droits d&rsquo;auteur qui correspondent aux propri\u00e9taires du site Web ou \u00e0 des tiers.<\/p>\n<p>Ne pas diffuser, transmettre ou mettre \u00e0 la disposition de tiers tout type d&rsquo;information, \u00e9l\u00e9ment ou contenu impliquant une violation du secret des communications et de la l\u00e9gislation sur les donn\u00e9es personnelles.<\/p>\n<p>L&rsquo;Utilisateur est tenu de prot\u00e9ger barradopeluches.com en cas de r\u00e9clamation, amende, p\u00e9nalit\u00e9 ou p\u00e9nalit\u00e9 \u00e9ventuelles pouvant r\u00e9sulter du non-respect par l&rsquo;Utilisateur de l&rsquo;une des r\u00e8gles d&rsquo;utilisation pr\u00e9cit\u00e9es, r\u00e9servant en outre barradopeluches .com a le droit de demander une indemnisation pour les dommages et pertes qui s&rsquo;appliquent.<\/p>\n<p>Exclusion de responsabilit\u00e9: barradopeluches.com n&rsquo;assume aucune responsabilit\u00e9 pour la mise \u00e0 jour de ce site Web pour maintenir les informations \u00e0 jour, ni ne garantit que les informations publi\u00e9es sont exactes ou compl\u00e8tes. Par cons\u00e9quent, l&rsquo;Utilisateur doit confirmer que les informations publi\u00e9es sont exactes et compl\u00e8tes avant de prendre toute d\u00e9cision relative \u00e0 tout service ou contenu d\u00e9crit dans ce site Web. L&rsquo;acc\u00e8s de l&rsquo;utilisateur au site Web n&rsquo;implique pas pour barradopeluches.com l&rsquo;obligation de contr\u00f4ler l&rsquo;absence de virus, vers ou tout autre \u00e9l\u00e9ment informatique nuisible. Elle correspond \u00e0 l&rsquo;Utilisateur, en tout \u00e9tat de cause, \u00e0 la disponibilit\u00e9 d&rsquo;outils ad\u00e9quats pour la d\u00e9tection et la d\u00e9sinfection des programmes informatiques nuisibles. Barradopeluches.com n&rsquo;est pas responsable des dommages caus\u00e9s aux logiciels et \u00e9quipements informatiques des Utilisateurs ou de tiers lors de l&rsquo;utilisation des services propos\u00e9s sur le Site. barradopeluches.com n&rsquo;est pas responsable des dommages ou pertes de toute nature produits par l&rsquo;Utilisateur qui entra\u00eenent des d\u00e9faillances ou des d\u00e9connexions dans les r\u00e9seaux de t\u00e9l\u00e9communications qui provoquent la suspension, l&rsquo;annulation ou l&rsquo;interruption du service du Site Web lors de la fourniture de celui-ci ou avec caract\u00e8re pr\u00e9c\u00e9dent     <\/p>\n<p>Contenu et services li\u00e9s via le site Web: Le service d&rsquo;acc\u00e8s au site Web comprend des dispositifs de liaison technique, des r\u00e9pertoires et m\u00eame des outils de recherche qui permettent \u00e0 l&rsquo;utilisateur d&rsquo;acc\u00e9der \u00e0 d&rsquo;autres pages et portails Internet (ci-apr\u00e8s, \u00absites li\u00e9s\u00bb) . Dans ces cas, barradopeluches.com ne sera responsable des contenus et services fournis sur les sites li\u00e9s que dans la mesure o\u00f9 il a une connaissance effective de l&rsquo;ill\u00e9galit\u00e9 et n&rsquo;a pas d\u00e9sactiv\u00e9 le lien avec une diligence raisonnable. Dans le cas o\u00f9 l&rsquo;Utilisateur consid\u00e8re qu&rsquo;il existe un Site Li\u00e9 avec un contenu ill\u00e9gal ou inappropri\u00e9, il peut le communiquer \u00e0 barradopeluches.com, sans que cette communication entra\u00eene en aucun cas l&rsquo;obligation de supprimer le lien correspondant. En aucun cas, l&rsquo;existence de Sites Li\u00e9s ne doit pr\u00e9supposer la formalisation d&rsquo;accords avec les gestionnaires ou propri\u00e9taires de ceux-ci, ni la recommandation, la promotion ou l&rsquo;identification de barradopeluches.com avec les d\u00e9clarations, contenus ou services fournis. Barradopeluches.com ne conna\u00eet pas le contenus et services des sites li\u00e9s et, par cons\u00e9quent, n&rsquo;est pas responsable des dommages caus\u00e9s par l&rsquo;ill\u00e9galit\u00e9, la qualit\u00e9, la datation, l&rsquo;indisponibilit\u00e9, l&rsquo;erreur et l&rsquo;inutilit\u00e9 des contenus et \/ ou des services des sites li\u00e9s ou de tout autre dommage qui n&rsquo;est pas directement attribuable \u00e0 barradopeluches.com.   <\/p>\n<p>Propri\u00e9t\u00e9 intellectuelle et industrielle: L&rsquo;ensemble des contenus du Site, compris par eux \u00e0 titre d&rsquo;exemple uniquement, textes, photographies, graphismes, images, ic\u00f4nes, technologies, logiciels, liens et autres contenus audiovisuels ou sonores, ainsi que leur conception graphique et les codes sources sont la propri\u00e9t\u00e9 intellectuelle de barradopeluches.com ou de tiers, sans qu&rsquo;aucun des droits d&rsquo;exploitation reconnus par la r\u00e9glementation en vigueur sur la propri\u00e9t\u00e9 intellectuelle les concernant ne soit transf\u00e9r\u00e9 \u00e0 l&rsquo;Utilisateur. Les marques, noms commerciaux ou signes distinctifs sont la propri\u00e9t\u00e9 de barradopeluches.com ou de tiers, sans qu&rsquo;il soit entendu que l&rsquo;acc\u00e8s au site Web leur conf\u00e8re un droit. Utilisation d&rsquo;images: Google Images (autoris\u00e9 pour r\u00e9utilisation) et mod\u00e8les Powerpoint (avec autorisation).  <\/p>\n<p>Nullit\u00e9 et ineffectivit\u00e9 des clauses: Si une clause incluse dans les pr\u00e9sentes conditions g\u00e9n\u00e9rales a \u00e9t\u00e9 d\u00e9clar\u00e9e totalement ou partiellement, nulle ou inefficace, cette nullit\u00e9 ou inefficacit\u00e9 n&rsquo;affectera que ladite disposition ou la partie de celle-ci qui est nulle ou inefficace, subsistant au pr\u00e9senter les Conditions G\u00e9n\u00e9rales dans tout le reste, consid\u00e9rant cette disposition totalement ou partiellement comme non incluse.<\/p>\n<p>L\u00e9gislation applicable: Ces conditions g\u00e9n\u00e9rales seront r\u00e9gies et interpr\u00e9t\u00e9es conform\u00e9ment \u00e0 la l\u00e9gislation espagnole.<\/p>\n<\/div><\/div><\/div><\/div><\/div>\n","protected":false},"excerpt":{"rendered":"","protected":false},"author":1,"featured_media":0,"parent":0,"menu_order":0,"comment_status":"closed","ping_status":"closed","template":"100-width.php","meta":{"footnotes":""},"class_list":["post-2443","page","type-page","status-publish","hentry"],"yoast_head":"<!-- This site is optimized with the Yoast SEO plugin v27.2 - https:\/\/yoast.com\/product\/yoast-seo-wordpress\/ -->\n<title>Conditions d&#039;utilisation - Barrado<\/title>\n<meta name=\"robots\" content=\"index, follow, max-snippet:-1, max-image-preview:large, max-video-preview:-1\" \/>\n<link rel=\"canonical\" href=\"https:\/\/www.barradopeluches.com\/fr\/conditions-dutilisation\/\" \/>\n<meta property=\"og:locale\" content=\"fr_FR\" \/>\n<meta property=\"og:type\" content=\"article\" \/>\n<meta property=\"og:title\" content=\"Conditions d&#039;utilisation - Barrado\" \/>\n<meta property=\"og:url\" content=\"https:\/\/www.barradopeluches.com\/fr\/conditions-dutilisation\/\" \/>\n<meta property=\"og:site_name\" content=\"Barrado\" \/>\n<meta property=\"article:modified_time\" content=\"2023-09-26T13:13:35+00:00\" \/>\n<meta name=\"twitter:card\" content=\"summary_large_image\" \/>\n<meta name=\"twitter:label1\" content=\"Dur\u00e9e de lecture estim\u00e9e\" \/>\n\t<meta name=\"twitter:data1\" content=\"11 minutes\" \/>\n<script type=\"application\/ld+json\" class=\"yoast-schema-graph\">{\"@context\":\"https:\/\/schema.org\",\"@graph\":[{\"@type\":\"WebPage\",\"@id\":\"https:\/\/www.barradopeluches.com\/fr\/conditions-dutilisation\/\",\"url\":\"https:\/\/www.barradopeluches.com\/fr\/conditions-dutilisation\/\",\"name\":\"Conditions d'utilisation - Barrado\",\"isPartOf\":{\"@id\":\"https:\/\/www.barradopeluches.com\/en\/#website\"},\"datePublished\":\"2023-08-14T12:07:55+00:00\",\"dateModified\":\"2023-09-26T13:13:35+00:00\",\"breadcrumb\":{\"@id\":\"https:\/\/www.barradopeluches.com\/fr\/conditions-dutilisation\/#breadcrumb\"},\"inLanguage\":\"fr-FR\",\"potentialAction\":[{\"@type\":\"ReadAction\",\"target\":[\"https:\/\/www.barradopeluches.com\/fr\/conditions-dutilisation\/\"]}]},{\"@type\":\"BreadcrumbList\",\"@id\":\"https:\/\/www.barradopeluches.com\/fr\/conditions-dutilisation\/#breadcrumb\",\"itemListElement\":[{\"@type\":\"ListItem\",\"position\":1,\"name\":\"Portada\",\"item\":\"https:\/\/www.barradopeluches.com\/fr\/\"},{\"@type\":\"ListItem\",\"position\":2,\"name\":\"Conditions d&rsquo;utilisation\"}]},{\"@type\":\"WebSite\",\"@id\":\"https:\/\/www.barradopeluches.com\/en\/#website\",\"url\":\"https:\/\/www.barradopeluches.com\/en\/\",\"name\":\"Barrado\",\"description\":\"\",\"potentialAction\":[{\"@type\":\"SearchAction\",\"target\":{\"@type\":\"EntryPoint\",\"urlTemplate\":\"https:\/\/www.barradopeluches.com\/en\/?s={search_term_string}\"},\"query-input\":{\"@type\":\"PropertyValueSpecification\",\"valueRequired\":true,\"valueName\":\"search_term_string\"}}],\"inLanguage\":\"fr-FR\"}]}<\/script>\n<!-- \/ Yoast SEO plugin. -->","yoast_head_json":{"title":"Conditions d'utilisation - Barrado","robots":{"index":"index","follow":"follow","max-snippet":"max-snippet:-1","max-image-preview":"max-image-preview:large","max-video-preview":"max-video-preview:-1"},"canonical":"https:\/\/www.barradopeluches.com\/fr\/conditions-dutilisation\/","og_locale":"fr_FR","og_type":"article","og_title":"Conditions d'utilisation - Barrado","og_url":"https:\/\/www.barradopeluches.com\/fr\/conditions-dutilisation\/","og_site_name":"Barrado","article_modified_time":"2023-09-26T13:13:35+00:00","twitter_card":"summary_large_image","twitter_misc":{"Dur\u00e9e de lecture estim\u00e9e":"11 minutes"},"schema":{"@context":"https:\/\/schema.org","@graph":[{"@type":"WebPage","@id":"https:\/\/www.barradopeluches.com\/fr\/conditions-dutilisation\/","url":"https:\/\/www.barradopeluches.com\/fr\/conditions-dutilisation\/","name":"Conditions d'utilisation - Barrado","isPartOf":{"@id":"https:\/\/www.barradopeluches.com\/en\/#website"},"datePublished":"2023-08-14T12:07:55+00:00","dateModified":"2023-09-26T13:13:35+00:00","breadcrumb":{"@id":"https:\/\/www.barradopeluches.com\/fr\/conditions-dutilisation\/#breadcrumb"},"inLanguage":"fr-FR","potentialAction":[{"@type":"ReadAction","target":["https:\/\/www.barradopeluches.com\/fr\/conditions-dutilisation\/"]}]},{"@type":"BreadcrumbList","@id":"https:\/\/www.barradopeluches.com\/fr\/conditions-dutilisation\/#breadcrumb","itemListElement":[{"@type":"ListItem","position":1,"name":"Portada","item":"https:\/\/www.barradopeluches.com\/fr\/"},{"@type":"ListItem","position":2,"name":"Conditions d&rsquo;utilisation"}]},{"@type":"WebSite","@id":"https:\/\/www.barradopeluches.com\/en\/#website","url":"https:\/\/www.barradopeluches.com\/en\/","name":"Barrado","description":"","potentialAction":[{"@type":"SearchAction","target":{"@type":"EntryPoint","urlTemplate":"https:\/\/www.barradopeluches.com\/en\/?s={search_term_string}"},"query-input":{"@type":"PropertyValueSpecification","valueRequired":true,"valueName":"search_term_string"}}],"inLanguage":"fr-FR"}]}},"_links":{"self":[{"href":"https:\/\/www.barradopeluches.com\/fr\/wp-json\/wp\/v2\/pages\/2443","targetHints":{"allow":["GET"]}}],"collection":[{"href":"https:\/\/www.barradopeluches.com\/fr\/wp-json\/wp\/v2\/pages"}],"about":[{"href":"https:\/\/www.barradopeluches.com\/fr\/wp-json\/wp\/v2\/types\/page"}],"author":[{"embeddable":true,"href":"https:\/\/www.barradopeluches.com\/fr\/wp-json\/wp\/v2\/users\/1"}],"replies":[{"embeddable":true,"href":"https:\/\/www.barradopeluches.com\/fr\/wp-json\/wp\/v2\/comments?post=2443"}],"version-history":[{"count":0,"href":"https:\/\/www.barradopeluches.com\/fr\/wp-json\/wp\/v2\/pages\/2443\/revisions"}],"wp:attachment":[{"href":"https:\/\/www.barradopeluches.com\/fr\/wp-json\/wp\/v2\/media?parent=2443"}],"curies":[{"name":"wp","href":"https:\/\/api.w.org\/{rel}","templated":true}]}}